{"id":710,"date":"2020-04-28T23:29:28","date_gmt":"2020-04-28T21:29:28","guid":{"rendered":"https:\/\/www.prints-digidruck.de\/wordpress2\/?page_id=710"},"modified":"2021-02-20T18:23:35","modified_gmt":"2021-02-20T17:23:35","slug":"dokumente-erstellen","status":"publish","type":"page","link":"https:\/\/www.prints-digidruck.de\/wordpress2\/dokumente-erstellen\/","title":{"rendered":"Dokumente erstellen"},"content":{"rendered":"\n<figure class=\"wp-block-image size-large\"><img loading=\"lazy\" width=\"1024\" height=\"450\" src=\"https:\/\/www.prints-digidruck.de\/wordpress2\/wp-content\/uploads\/2020\/04\/laptop-819285_1920-e1613841642361-1024x450.jpg\" alt=\"\" class=\"wp-image-798\" srcset=\"https:\/\/www.prints-digidruck.de\/wordpress2\/wp-content\/uploads\/2020\/04\/laptop-819285_1920-e1613841642361-1024x450.jpg 1024w, https:\/\/www.prints-digidruck.de\/wordpress2\/wp-content\/uploads\/2020\/04\/laptop-819285_1920-e1613841642361-300x132.jpg 300w, https:\/\/www.prints-digidruck.de\/wordpress2\/wp-content\/uploads\/2020\/04\/laptop-819285_1920-e1613841642361-768x338.jpg 768w, https:\/\/www.prints-digidruck.de\/wordpress2\/wp-content\/uploads\/2020\/04\/laptop-819285_1920-e1613841642361-1536x675.jpg 1536w, https:\/\/www.prints-digidruck.de\/wordpress2\/wp-content\/uploads\/2020\/04\/laptop-819285_1920-e1613841642361.jpg 1920w\" sizes=\"(max-width: 1024px) 100vw, 1024px\" \/><\/figure>\n\n\n\n<h2>Textdokumente<\/h2>\n\n\n\n<div class=\"wp-block-image\"><figure class=\"alignleft size-large\"><img loading=\"lazy\" width=\"133\" height=\"136\" src=\"https:\/\/www.prints-digidruck.de\/wordpress2\/wp-content\/uploads\/2021\/02\/Info.png\" alt=\"\" class=\"wp-image-1198\"\/><\/figure><\/div>\n\n\n\n<p>Textdokumente mit oder ohne Bilder werden in der Regel in Officeprogrammen, wie z.B. Word oder OpenOffice, erstellt.<br>Dies kann beim Drucken zu Problemen , wie falschen Textumbruch, fehlende Schriften und Farbabweichungen f\u00fchren.<br>Officeprogramme arbeiten in der Regel im RGB-Farbraum. Wir drucken aber grunds\u00e4tzlich im CMYK-Farbraum. Bei der Umsetzung lassen sich Farbverf\u00e4lschungen nicht vermeiden.<br>Ein falscher Seitenumbruch oder fehlende Schriften lassen sich beim erstellen einer pdf-Datei vermeiden.<br>Aus Textverarbeitungs- und Officeprogrammen ist ein randloser Druck nicht m\u00f6glich!<\/p>\n\n\n\n<h2>Grafikdateien<\/h2>\n\n\n\n<div class=\"wp-block-image\"><figure class=\"alignleft size-large\"><img loading=\"lazy\" width=\"133\" height=\"136\" src=\"https:\/\/www.prints-digidruck.de\/wordpress2\/wp-content\/uploads\/2021\/02\/Info.png\" alt=\"\" class=\"wp-image-1198\"\/><\/figure><\/div>\n\n\n\n<p>Grafikdateien mit umfangreichen Formatierungen werden in verschiedenen Grafikanwendungen erstellt. CorelDraw, InDesign etc. arbeiten in verschiedenen Farbr\u00e4umen. Verwenden Sie dort, wenn m\u00f6glich, das CMYK-Format.<br>Auch hier gilt: Wandeln Sie die Dateien grunds\u00e4tzlich in das pdf- Format.<br>Schriften sollten dabei immer in Pfade bzw. Kurven gewandelt oder eingebettet sein.<\/p>\n\n\n\n<p>Transparenzen sind nicht erlaubt und f\u00fchren zu Fehldrucken.<\/p>\n\n\n\n<h2>Bilddateien<\/h2>\n\n\n\n<div class=\"wp-block-image\"><figure class=\"alignleft size-large\"><img loading=\"lazy\" width=\"133\" height=\"136\" src=\"https:\/\/www.prints-digidruck.de\/wordpress2\/wp-content\/uploads\/2021\/02\/Info.png\" alt=\"\" class=\"wp-image-1198\"\/><\/figure><\/div>\n\n\n\n<p>Bilddateien in denen Fotoformate wie tif, jpg etc. verarbeitet werden, bieten ebenfalls verschiedene Farbr\u00e4ume an. In der Regel liegen Bildformate vom Scanner oder der Digitalkamera im RGB-Farbraum vor. Wandeln sie diese vor dem Ausdruck in das CMYK-Format um. Sollten sie jedoch unsicher sein, behalten Sie den RGB-Raum bei. Wir haben Druckertreibereinstellungen, die Fehlfarben ann\u00e4hernd ausgleichen k\u00f6nnen.<br><br><strong>Beschnittzugabe aus Photoshop:<\/strong><br>Damit Ihr Dokument randlos gedruckt werden kann, legen Sie die Datei rundherum 3 mm gr\u00f6\u00dfer als das eigentliche Endformat an. Wichtige Elemente r\u00fccken Sie bitte mindestens 5 mm von der Schneidekante bzw 8 mm vom Dokumentenrand ein.<\/p>\n\n\n\n<h2>Datenanlieferung<\/h2>\n\n\n\n<div class=\"wp-block-image\"><figure class=\"alignleft size-large\"><img loading=\"lazy\" width=\"133\" height=\"136\" src=\"https:\/\/www.prints-digidruck.de\/wordpress2\/wp-content\/uploads\/2021\/02\/Info.png\" alt=\"\" class=\"wp-image-1198\"\/><\/figure><\/div>\n\n\n\n<p>Bitte Keine Chaos-Datentr\u00e4ger!<br>Damit es mit dem Ausdruck reibungslos klappt, notieren sie sich vorab den Dateinamen und die gew\u00fcnschten Druckoptionen. Sollen aus einen Dokument nur bestimmte Seiten gedruckt werden, notieren Sie sich auch die entsprechenden Seitenzahlen der PDF-Datei. Die Dokumente werden bei uns nicht ge\u00f6ffnet. Eine Betrachtung am Bildschirm ist nicht m\u00f6glich.<\/p>\n\n\n\n<div style=\"height:25px\" aria-hidden=\"true\" class=\"wp-block-spacer\"><\/div>\n\n\n\n<p><strong>1. <\/strong>Legen Sie Ihre Druckdateien in einen Ordner <strong>DRUCKEN<\/strong> ab, das erleichtert das Auffinden der Dateien.<br><br><strong>2.<\/strong> Erstellen Sie nach M\u00f6glichkeit PDF-Dateien. Wenn m\u00f6glich getrennt nach Farb- oder s\/w Druck, da diese getrennt gedruckt werden.<br><br><strong>3.<\/strong> Sollte es sich um ein &#8222;gemischtes&#8220; Dokument handeln notieren Sie sich die PDF-Seitenzahlen die farbig gedruckt werden sollen.<br><br>Folgende Datentr\u00e4ger sind m\u00f6glich: CD\/DVD, USB-Sticks, Mailanh\u00e4nge<\/p>\n\n\n\n<h2>Spartipps<\/h2>\n\n\n\n<div class=\"wp-block-image\"><figure class=\"alignleft size-large\"><img loading=\"lazy\" width=\"133\" height=\"136\" src=\"https:\/\/www.prints-digidruck.de\/wordpress2\/wp-content\/uploads\/2021\/02\/Info.png\" alt=\"\" class=\"wp-image-1198\"\/><\/figure><\/div>\n\n\n\n<p>Gute Vorbereitung hilft sparen.<br><strong>Sie sparen Sie Druckkosten, wenn Sie Einzelseiten zu einem PDF-Dokument zusammenf\u00fchren.<\/strong><br>F\u00fcr das \u00d6ffnen von Dateien berechnen wir 0,30 \u20ac pro Datei zuz\u00fcglich zum Druckpreis.<\/p>\n\n\n\n<p><\/p>\n\n\n\n<p><strong>Wichtig:<\/strong> Format, Farbmodus und Druckmaterial m\u00fcssen hierbei gleich sein.<br>Drucke im DIN A4 oder DIN A3 Format k\u00f6nnen in der Regel sofort erstellt werden.<br>F\u00fcr randlose Drucke und Auftr\u00e4ge mit Endverarbeitung k\u00f6nnen sich die Produktionszeiten verl\u00e4ngern.<br>F\u00fcr standgenaue, doppelseitige und randlose Drucke gilt eine Mindestbestellmenge.<br>Diese entnehmen Sie bitte unserem Preisrechner im Onlineshop<br>Legen Sie Ihre Dokumente immer in Originalgr\u00f6\u00dfe mit einer Aufl\u00f6sung von 200-300 DPI an. Bei sehr feinen Grafiken oder Strichzeichnungen kann es sinnvoll sein, diese Aufl\u00f6sung auch auf 400-600 DPI zu erh\u00f6hen.<br><br>Das 1:1-Ausgangsmaterial sollte diese Aufl\u00f6sung besitzen. Sollte oder kann dies aus bestimmten Gr\u00fcnden nicht m\u00f6glich sein, hilft folgende Formel weiter:<br>Zoomfaktor x DPI = Zielaufl\u00f6sung (z. B. 10 cm auf 17 cm vergr\u00f6\u00dfern entspricht 170%; 1,7 x 200 DPI = 340 DPI). Eine anschlie\u00dfende Korrektur der Daten (Hochrechnung) f\u00fchrt in keinem Fall zu einer Qualit\u00e4tsverbesserung!<\/p>\n\n\n\n<p><strong>Bitte beachten:<\/strong><br>Wir bedrucken keine Fremdpapiere\/Folien<\/p>\n\n\n\n<div style=\"height:25px\" aria-hidden=\"true\" class=\"wp-block-spacer\"><\/div>\n\n\n\n<p><strong>Einige Anleitungen finden sie hier:<\/strong><\/p>\n\n\n\n<div class=\"wp-block-buttons\">\n<div class=\"wp-block-button\"><a class=\"wp-block-button__link has-background no-border-radius\" href=\"https:\/\/www.prints-digidruck.de\/wordpress2\/dateiaufbau\/\" style=\"background-color:#104a63\">Dateiaufbau<\/a><\/div>\n\n\n\n<div class=\"wp-block-button\"><a class=\"wp-block-button__link has-background no-border-radius\" href=\"https:\/\/www.prints-digidruck.de\/wordpress2\/pdf-datei-erzeugen\/\" style=\"background-color:#104a63\">PDF-Datei erzeugen<\/a><\/div>\n<\/div>\n\n\n\n<p><br><br><\/p>\n","protected":false},"excerpt":{"rendered":"<p>Textdokumente Textdokumente mit oder ohne Bilder werden in der Regel in Officeprogrammen, wie z.B. Word oder OpenOffice, erstellt.Dies kann beim Drucken zu Problemen , wie falschen Textumbruch, fehlende Schriften und <a class=\"more-link\" href=\"https:\/\/www.prints-digidruck.de\/wordpress2\/dokumente-erstellen\/\">weiterlesen&#8230;<\/a><\/p>\n","protected":false},"author":2,"featured_media":0,"parent":0,"menu_order":0,"comment_status":"closed","ping_status":"closed","template":"","meta":[],"_links":{"self":[{"href":"https:\/\/www.prints-digidruck.de\/wordpress2\/wp-json\/wp\/v2\/pages\/710"}],"collection":[{"href":"https:\/\/www.prints-digidruck.de\/wordpress2\/wp-json\/wp\/v2\/pages"}],"about":[{"href":"https:\/\/www.prints-digidruck.de\/wordpress2\/wp-json\/wp\/v2\/types\/page"}],"author":[{"embeddable":true,"href":"https:\/\/www.prints-digidruck.de\/wordpress2\/wp-json\/wp\/v2\/users\/2"}],"replies":[{"embeddable":true,"href":"https:\/\/www.prints-digidruck.de\/wordpress2\/wp-json\/wp\/v2\/comments?post=710"}],"version-history":[{"count":8,"href":"https:\/\/www.prints-digidruck.de\/wordpress2\/wp-json\/wp\/v2\/pages\/710\/revisions"}],"predecessor-version":[{"id":1414,"href":"https:\/\/www.prints-digidruck.de\/wordpress2\/wp-json\/wp\/v2\/pages\/710\/revisions\/1414"}],"wp:attachment":[{"href":"https:\/\/www.prints-digidruck.de\/wordpress2\/wp-json\/wp\/v2\/media?parent=710"}],"curies":[{"name":"wp","href":"https:\/\/api.w.org\/{rel}","templated":true}]}}