{"id":701,"date":"2020-04-28T22:41:20","date_gmt":"2020-04-28T20:41:20","guid":{"rendered":"https:\/\/www.prints-digidruck.de\/wordpress2\/?page_id=701"},"modified":"2024-12-10T21:48:11","modified_gmt":"2024-12-10T20:48:11","slug":"visitenkarten","status":"publish","type":"page","link":"https:\/\/www.prints-digidruck.de\/wordpress2\/visitenkarten\/","title":{"rendered":"Visitenkarten"},"content":{"rendered":"\n<figure class=\"wp-block-image size-large\"><img loading=\"lazy\" width=\"1024\" height=\"452\" src=\"https:\/\/www.prints-digidruck.de\/wordpress2\/wp-content\/uploads\/2021\/02\/artikelbild-visitenkarten-1024x452.png\" alt=\"Visitenkarten\" class=\"wp-image-1386\" srcset=\"https:\/\/www.prints-digidruck.de\/wordpress2\/wp-content\/uploads\/2021\/02\/artikelbild-visitenkarten-1024x452.png 1024w, https:\/\/www.prints-digidruck.de\/wordpress2\/wp-content\/uploads\/2021\/02\/artikelbild-visitenkarten-300x132.png 300w, https:\/\/www.prints-digidruck.de\/wordpress2\/wp-content\/uploads\/2021\/02\/artikelbild-visitenkarten-768x339.png 768w, https:\/\/www.prints-digidruck.de\/wordpress2\/wp-content\/uploads\/2021\/02\/artikelbild-visitenkarten.png 1199w\" sizes=\"(max-width: 1024px) 100vw, 1024px\" \/><\/figure>\n\n\n\n<p>Visitenkarten erhalten Sie bereits in kleinen Auflagen schon ab 100 St\u00fcck. <br>Gestalten Sie ihre Visitenkarten selbst und bestellen Sie einfach \u00fcber unseren Onlineshop.<\/p>\n\n\n\n<div style=\"height:23px\" aria-hidden=\"true\" class=\"wp-block-spacer\"><\/div>\n\n\n\n<h2> Sie gestalten selbst, oder haben eine druckf\u00e4hige Datei<\/h2>\n\n\n\n<div class=\"wp-block-image\"><figure class=\"alignleft size-large\"><img loading=\"lazy\" width=\"133\" height=\"136\" src=\"https:\/\/www.prints-digidruck.de\/wordpress2\/wp-content\/uploads\/2021\/02\/Info.png\" alt=\"\" class=\"wp-image-1198\"\/><\/figure><\/div>\n\n\n\n<p>Einige Musterdateien haben wir f\u00fcr Sie vorbereitet. Sie finden in unserem Downloadbereich Vorlagen f\u00fcr einige Programme.<\/p>\n\n\n\n<p>Bitte beachten sie die Beschnittzugabe von 3 mm und stellen Sie Texte oder wichtige Elemente nicht direkt an die Schneidekante, wir ben\u00f6tigen einen \u201eSicherheitsabstand\u201c von mindestens 5 mm.<\/p>\n\n\n\n<p><strong>Einige Anleitungen finden sie hier:<\/strong><\/p>\n\n\n\n<div class=\"wp-block-buttons\">\n<div class=\"wp-block-button\"><a class=\"wp-block-button__link has-background no-border-radius\" href=\"https:\/\/www.prints-digidruck.de\/wordpress2\/dateiaufbau\/\" style=\"background-color:#104a63\">Dateiaufbau<\/a><\/div>\n\n\n\n<div class=\"wp-block-button\"><a class=\"wp-block-button__link has-background no-border-radius\" href=\"https:\/\/www.prints-digidruck.de\/wordpress2\/pdf-datei-erzeugen\/\" style=\"background-color:#104a63\">PDF-Datei erzeugen<\/a><\/div>\n<\/div>\n\n\n\n<div style=\"height:25px\" aria-hidden=\"true\" class=\"wp-block-spacer\"><\/div>\n\n\n\n<p>Legen Sie die Karte bitte als einen Nutzen an \u2013 m\u00f6glichst im CMYK-Farbraum. Sonder- und Schmuckfarben (HKS) lassen sich nicht farbgetreu wiedergeben. Wir verarbeiten folgende Dateiformate: jpg und pdf.<br><br>Verzichten Sie bei der Gestaltung auf Verl\u00e4ufe, Transparenzen und gro\u00dfe helle Fl\u00e4chen.<br>Rahmen rund um das Produkt sind auch nicht m\u00f6glich, diese k\u00f6nnen ungleichm\u00e4\u00dfig werden, da wir beim Druck und der Endverarbeitung Toleranzen von 1-2 mm haben.<strong><br><\/strong><\/p>\n\n\n\n<div class=\"wp-block-buttons\">\n<div class=\"wp-block-button\"><a class=\"wp-block-button__link has-background no-border-radius\" href=\"https:\/\/www.prints-digidruck.de\/shop\/index.php?content=produkt&amp;produktgruppe=5&amp;aktiv=12\" style=\"background-color:#104a63\">Zum Onlineshop<\/a><\/div>\n<\/div>\n\n\n\n<p><\/p>\n","protected":false},"excerpt":{"rendered":"<p>Visitenkarten erhalten Sie bereits in kleinen Auflagen schon ab 100 St\u00fcck. Gestalten Sie ihre Visitenkarten selbst und bestellen Sie einfach \u00fcber unseren Onlineshop. Sie gestalten selbst, oder haben eine druckf\u00e4hige <a class=\"more-link\" href=\"https:\/\/www.prints-digidruck.de\/wordpress2\/visitenkarten\/\">weiterlesen&#8230;<\/a><\/p>\n","protected":false},"author":2,"featured_media":0,"parent":0,"menu_order":0,"comment_status":"closed","ping_status":"closed","template":"","meta":[],"_links":{"self":[{"href":"https:\/\/www.prints-digidruck.de\/wordpress2\/wp-json\/wp\/v2\/pages\/701"}],"collection":[{"href":"https:\/\/www.prints-digidruck.de\/wordpress2\/wp-json\/wp\/v2\/pages"}],"about":[{"href":"https:\/\/www.prints-digidruck.de\/wordpress2\/wp-json\/wp\/v2\/types\/page"}],"author":[{"embeddable":true,"href":"https:\/\/www.prints-digidruck.de\/wordpress2\/wp-json\/wp\/v2\/users\/2"}],"replies":[{"embeddable":true,"href":"https:\/\/www.prints-digidruck.de\/wordpress2\/wp-json\/wp\/v2\/comments?post=701"}],"version-history":[{"count":11,"href":"https:\/\/www.prints-digidruck.de\/wordpress2\/wp-json\/wp\/v2\/pages\/701\/revisions"}],"predecessor-version":[{"id":1814,"href":"https:\/\/www.prints-digidruck.de\/wordpress2\/wp-json\/wp\/v2\/pages\/701\/revisions\/1814"}],"wp:attachment":[{"href":"https:\/\/www.prints-digidruck.de\/wordpress2\/wp-json\/wp\/v2\/media?parent=701"}],"curies":[{"name":"wp","href":"https:\/\/api.w.org\/{rel}","templated":true}]}}