{"id":676,"date":"2020-04-28T21:43:32","date_gmt":"2020-04-28T19:43:32","guid":{"rendered":"https:\/\/www.prints-digidruck.de\/wordpress2\/?page_id=676"},"modified":"2022-08-31T16:11:34","modified_gmt":"2022-08-31T14:11:34","slug":"drucken-2","status":"publish","type":"page","link":"https:\/\/www.prints-digidruck.de\/wordpress2\/drucken-2\/","title":{"rendered":"Drucken"},"content":{"rendered":"\n<p>Beim Drucken haben Sie bei uns mehrere M\u00f6glichkeiten:<\/p>\n\n\n\n<ul><li>Drucken Sie in Selbstbedienung<\/li><li>Nutzen Sie unseren Service<\/li><li>Bestellen Sie in unserem Onlinshop<\/li><\/ul>\n\n\n\n<h2>Drucken in Selbstbedienung<\/h2>\n\n\n\n<div class=\"wp-block-columns\">\n<div class=\"wp-block-column\">\n<figure class=\"wp-block-image size-large\"><img loading=\"lazy\" width=\"326\" height=\"271\" src=\"https:\/\/www.prints-digidruck.de\/wordpress2\/wp-content\/uploads\/2020\/04\/sb-druck2-1.gif\" alt=\"\" class=\"wp-image-677\"\/><\/figure>\n<\/div>\n\n\n\n<div class=\"wp-block-column\">\n<div style=\"height:25px\" aria-hidden=\"true\" class=\"wp-block-spacer\"><\/div>\n\n\n\n<p><strong>Kartenpreise Kopien\/Drucke<\/strong><br>100 Einheiten &#8211; 8,00 \u20ac<br>250 Einheiten &#8211; 18,00 \u20ac<br>500 Einheiten &#8211; 32,00 \u20ac <br>1000 Einheiten &#8211; 49,50 \u20ac<\/p>\n<\/div>\n<\/div>\n\n\n\n<p><strong>Drucken und kopieren in Office Qualit\u00e4t<\/strong><br>Die g\u00fcnstigste Variante ist das Drucken in Selbstbedienung. In unserem Selbstbedienungsbereich k\u00f6nnen Sie mit unseren Pre-Paid Kopierkarten. s\/w- und Farbdrucke bis zum Format DIN A3 erstellen. Unsere Drucker sind mit 80 g\/m\u00b2 best\u00fcckt. Andere Papiersorten sind im SB-Druck nicht m\u00f6glich. <\/p>\n\n\n\n<p><strong>Folgende Datentr\u00e4ger sind m\u00f6glich:<\/strong><br>USB-Sticks (PC formatiert FAT 32),<br><strong>KEINE<\/strong> SD-Karten. CDs , Externe Festplatten oder Mobiltelefone.<br>Drucken Sie ab PDF-Datei. <br><br><strong>Pre-Paid Kopierkarten erhalten Sie an der Kasse. <\/strong><\/p>\n\n\n\n<p>DIN A4 S\/W-Druck oder Kopie auf Papier wei\u00df 80 g\/m\u00b2 =1 Einheit<br>DIN A3 S\/W-Druck oder Kopie auf Papier wei\u00df 80 g\/m\u00b2 =2 Einheiten<br>DIN A4 Farbdruck oder Farbkopie auf Papier wei\u00df 80 g\/m\u00b2= 5 Einheiten<br>DIN A3 Farbdruck oder Farbkopie auf Papier wei\u00df 80 g\/m\u00b2 =10 Einheiten<\/p>\n\n\n\n<hr class=\"wp-block-separator\"\/>\n\n\n\n<div style=\"height:25px\" aria-hidden=\"true\" class=\"wp-block-spacer\"><\/div>\n\n\n\n<h2>Bedienungsdrucke<br><\/h2>\n\n\n\n<p>Wir drucken ihre Daten auch direkt im Ladengesch\u00e4ft. Der Druck folgt in der Regel schnellstm\u00f6glich.<br>Falls eine Endverarbeitung (schneiden, binden, laminieren) erfolgen soll, verarbeiten wir die Auftr\u00e4ge meistens innerhalb von 24 Stunden.<br>Die Druckpreise entnehmen Sie bitte unserer Ladenpreisliste, oder lassen Sie sich ein Angebot erstellen. <br>Die Onlineshoppreise gelten hierbei nicht!<\/p>\n\n\n\n<h4>Bereiten Sie ihre Daten wie folgt vor:<\/h4>\n\n\n\n<ul start=\"1\"><li>Legen Sie Ihre Druckdateien in einen Ordner <strong>DRUCKEN<\/strong> ab, das erleichtert das Auffinden der Dateien<\/li><li>Erstellen Sie nach M\u00f6glichkeit <strong>PDF-Dateien<\/strong>. Wenn m\u00f6glich getrennt nach Farb- oder s\/w Druck da diese getrennt gedruckt werden. <\/li><li>Sollte es sich um ein &#8222;gemischtes&#8220; Dokument handeln notieren Sie sich die PDF-Seitenzahlen die farbig gedruckt werden sollen.<\/li><li>F\u00fcr das Einlesen von Datentr\u00e4gern berechnen wir eine Geb\u00fchr von 0,30 \u20ac pro Datei. Fassen Sie mehrere Seiten in einem PDF-Dokument zusammen und sparen sie Zeit und Geld.<\/li><li>Drucke ohne Endverarbeitung und in DIN- Formaten erstellen wir in der Regel sofort.<\/li><li>Randlose Drucke, Sonderformate, Visiten- und Einladungskarten haben eine l\u00e4ngere Verarbeitungszeit und k\u00f6nnen auch \u00fcber unseren Onlineshop bestellt werden Folgende Datentr\u00e4ger sind m\u00f6glich: CD\/DVD, USB-Sticks<\/li><\/ul>\n\n\n\n<p><strong>Folgende Datentr\u00e4ger sind m\u00f6glich:<\/strong><br>USB-Sticks (PC formatiert FAT 32),<br>SD-Karten. CD.\/DVD , Externe Festplatten ((PC formatiert)<br>Mailanh\u00e4nge: PDF, jpg (<strong>eingeschr\u00e4nkt<\/strong> auch Word und Open Office)<br><strong>Mobiltelefone k\u00f6nnen nicht direkt angeschlossen werden<\/strong><br><strong>Bitte beachten: Wir verarbeiten keine Fremdpapiere\/Folien<\/strong><\/p>\n\n\n\n<hr class=\"wp-block-separator\"\/>\n\n\n\n<h2>Drucke im Onlineshop<\/h2>\n\n\n\n<p>Wenn Sie ihre Dateien selbst erstellen, haben Sie auch die M\u00f6glichkeit \u00fcber unseren Onlineshop zu bestellen. Hierf\u00fcr ben\u00f6tigen wir eine PDF-Datei, die exakt unseren Vorgaben entspricht. <\/p>\n\n\n\n<p>Vor dem Druck \u00fcberpr\u00fcfen wir ihre Dateien, sollten technische Fehler im Dateiaufbau sein, werden Sie per Mail benachrichtigt. Au\u00dferdem k\u00f6nnen Sie in vielen F\u00e4llen einen Musterdruck anfordern um das Druckergebnis zu \u00fcberpr\u00fcfen.<\/p>\n\n\n\n<p><strong>Bitte haben Sie Verst\u00e4ndnis, dass wir ihnen keinen individuellen Support bei der Erstellung der Dateien geben k\u00f6nnen.<\/strong><\/p>\n\n\n\n<p><strong>Einige Anleitungen finden Sie hier:<\/strong><\/p>\n\n\n\n<div class=\"wp-block-buttons\">\n<div class=\"wp-block-button\"><a class=\"wp-block-button__link has-background no-border-radius\" href=\"https:\/\/www.prints-digidruck.de\/wordpress2\/dateiaufbau\/\" style=\"background-color:#104a63\">Dateiaufbau<\/a><\/div>\n\n\n\n<div class=\"wp-block-button\"><a class=\"wp-block-button__link has-background no-border-radius\" href=\"https:\/\/www.prints-digidruck.de\/wordpress2\/pdf-datei-erzeugen\/\" style=\"background-color:#104a63\">PDF-Datei erzeugen<\/a><\/div>\n\n\n\n<div class=\"wp-block-button\"><a class=\"wp-block-button__link has-background no-border-radius\" href=\"https:\/\/www.prints-digidruck.de\/wordpress2\/downloads\/\" style=\"background-color:#104a63\">Vorlagen<\/a><\/div>\n<\/div>\n\n\n\n<p><\/p>\n","protected":false},"excerpt":{"rendered":"<p>Beim Drucken haben Sie bei uns mehrere M\u00f6glichkeiten: Drucken Sie in Selbstbedienung Nutzen Sie unseren Service Bestellen Sie in unserem Onlinshop Drucken in Selbstbedienung Kartenpreise Kopien\/Drucke100 Einheiten &#8211; 8,00 \u20ac250 <a class=\"more-link\" href=\"https:\/\/www.prints-digidruck.de\/wordpress2\/drucken-2\/\">weiterlesen&#8230;<\/a><\/p>\n","protected":false},"author":2,"featured_media":0,"parent":0,"menu_order":0,"comment_status":"closed","ping_status":"closed","template":"","meta":[],"_links":{"self":[{"href":"https:\/\/www.prints-digidruck.de\/wordpress2\/wp-json\/wp\/v2\/pages\/676"}],"collection":[{"href":"https:\/\/www.prints-digidruck.de\/wordpress2\/wp-json\/wp\/v2\/pages"}],"about":[{"href":"https:\/\/www.prints-digidruck.de\/wordpress2\/wp-json\/wp\/v2\/types\/page"}],"author":[{"embeddable":true,"href":"https:\/\/www.prints-digidruck.de\/wordpress2\/wp-json\/wp\/v2\/users\/2"}],"replies":[{"embeddable":true,"href":"https:\/\/www.prints-digidruck.de\/wordpress2\/wp-json\/wp\/v2\/comments?post=676"}],"version-history":[{"count":17,"href":"https:\/\/www.prints-digidruck.de\/wordpress2\/wp-json\/wp\/v2\/pages\/676\/revisions"}],"predecessor-version":[{"id":1749,"href":"https:\/\/www.prints-digidruck.de\/wordpress2\/wp-json\/wp\/v2\/pages\/676\/revisions\/1749"}],"wp:attachment":[{"href":"https:\/\/www.prints-digidruck.de\/wordpress2\/wp-json\/wp\/v2\/media?parent=676"}],"curies":[{"name":"wp","href":"https:\/\/api.w.org\/{rel}","templated":true}]}}