{"id":660,"date":"2020-04-28T20:27:29","date_gmt":"2020-04-28T18:27:29","guid":{"rendered":"https:\/\/www.prints-digidruck.de\/wordpress2\/?page_id=660"},"modified":"2026-04-14T22:12:36","modified_gmt":"2026-04-14T20:12:36","slug":"willkommen","status":"publish","type":"page","link":"https:\/\/www.prints-digidruck.de\/wordpress2\/","title":{"rendered":"Willkommen"},"content":{"rendered":"\n<hr class=\"wp-block-separator\"\/>\n\n\n\n<h2>Diplomarbeiten im Softcover<\/h2>\n\n\n\n<figure class=\"wp-block-image size-large\"><img loading=\"lazy\" width=\"1000\" height=\"443\" src=\"https:\/\/www.prints-digidruck.de\/wordpress2\/wp-content\/uploads\/2020\/04\/Diplomarbeiten-1.png\" alt=\"Diplomarbeiten drucken und binden\" class=\"wp-image-810\" srcset=\"https:\/\/www.prints-digidruck.de\/wordpress2\/wp-content\/uploads\/2020\/04\/Diplomarbeiten-1.png 1000w, https:\/\/www.prints-digidruck.de\/wordpress2\/wp-content\/uploads\/2020\/04\/Diplomarbeiten-1-300x133.png 300w, https:\/\/www.prints-digidruck.de\/wordpress2\/wp-content\/uploads\/2020\/04\/Diplomarbeiten-1-768x340.png 768w\" sizes=\"(max-width: 1000px) 100vw, 1000px\" \/><\/figure>\n\n\n\n<h4>Hochwertiger Laserdruck auf 100 g\/m\u00b2 Premiumpapier<\/h4>\n\n\n\n<p>Wir drucken Ihre Dokumente auf hochwertigen XEROX Produktionssystemen aus und versehen sie mit einer sehr haltbaren Klebebindung mit Softcover.<br>Wir drucken ab pdf-Datei. Die Datenanlieferung kann auf USB-Sticks oder per Mail an <a href=\"mailto:service@bremerdruck.de\">service@bremerdruck.de<\/a> erfolgen.<\/p>\n\n\n\n<div class=\"wp-block-buttons\">\n<div class=\"wp-block-button\"><a class=\"wp-block-button__link has-background no-border-radius\" href=\"https:\/\/www.prints-digidruck.de\/wordpress2\/diplomarbeiten-2\/\" style=\"background-color:#104a63\" rel=\"https:\/\/www.prints-digidruck.de\/wordpress2\/diplomarbeiten-2\/\"> mehr Infos<\/a><\/div>\n\n\n\n<div class=\"wp-block-button\"><a class=\"wp-block-button__link has-background no-border-radius\" href=\"https:\/\/www.prints-digidruck.de\/shop\/index.php?content=exemplardruck&amp;aktiv=5\" style=\"background-color:#104a63\" rel=\"\">Preisrechner<\/a><\/div>\n\n\n\n<div class=\"wp-block-button\"><a class=\"wp-block-button__link has-background no-border-radius\" href=\"https:\/\/www.prints-digidruck.de\/shop\/index.php?content=exemplardruck&amp;aktiv=5\" style=\"background-color:#104a63\">online bestellen<\/a><\/div>\n<\/div>\n\n\n\n<p><\/p>\n\n\n\n<hr class=\"wp-block-separator\"\/>\n\n\n\n<div class=\"wp-block-columns\">\n<div class=\"wp-block-column\">\n<div class=\"wp-block-image\"><figure class=\"alignleft size-large\"><a href=\"https:\/\/www.prints-digidruck.de\/wordpress2\/bedienungsbereich\/\"><img loading=\"lazy\" width=\"320\" height=\"240\" src=\"https:\/\/www.prints-digidruck.de\/wordpress2\/wp-content\/uploads\/2020\/04\/laden2.png\" alt=\"Servicebereich\" class=\"wp-image-421\" srcset=\"https:\/\/www.prints-digidruck.de\/wordpress2\/wp-content\/uploads\/2020\/04\/laden2.png 320w, https:\/\/www.prints-digidruck.de\/wordpress2\/wp-content\/uploads\/2020\/04\/laden2-300x225.png 300w, https:\/\/www.prints-digidruck.de\/wordpress2\/wp-content\/uploads\/2020\/04\/laden2-200x150.png 200w\" sizes=\"(max-width: 320px) 100vw, 320px\" \/><\/a><figcaption><strong><a href=\"https:\/\/www.prints-digidruck.de\/wordpress2\/bedienungsbereich\/\">Servicebereich<\/a><\/strong><\/figcaption><\/figure><\/div>\n<\/div>\n\n\n\n<div class=\"wp-block-column\">\n<div class=\"wp-block-image\"><figure class=\"alignright size-large\"><a href=\"https:\/\/www.prints-digidruck.de\/wordpress2\/selbstbedienung\/\"><img loading=\"lazy\" width=\"320\" height=\"240\" src=\"https:\/\/www.prints-digidruck.de\/wordpress2\/wp-content\/uploads\/2020\/04\/laden1.png\" alt=\"Selbstbedienungsbereich\" class=\"wp-image-420\" srcset=\"https:\/\/www.prints-digidruck.de\/wordpress2\/wp-content\/uploads\/2020\/04\/laden1.png 320w, https:\/\/www.prints-digidruck.de\/wordpress2\/wp-content\/uploads\/2020\/04\/laden1-300x225.png 300w, https:\/\/www.prints-digidruck.de\/wordpress2\/wp-content\/uploads\/2020\/04\/laden1-200x150.png 200w\" sizes=\"(max-width: 320px) 100vw, 320px\" \/><\/a><figcaption><strong><a href=\"https:\/\/www.prints-digidruck.de\/wordpress2\/selbstbedienung\/\">Selbstbedienungsbereich<\/a><\/strong><\/figcaption><\/figure><\/div>\n<\/div>\n<\/div>\n\n\n\n<h2>Drucken und kopieren in Selbstbedienung<\/h2>\n\n\n\n<p class=\"has-medium-font-size\"><strong>Ausdrucke gr\u00f6\u00dfer als DIN A3, z.B. DIN A2, DIN A1 oder DIN A0, sind nicht m\u00f6glich!<\/strong><\/p>\n\n\n\n<p>Im <a href=\"https:\/\/www.prints-digidruck.de\/wordpress2\/selbstbedienung\/\"><strong>Selbstbedienungsbereich<\/strong> <\/a>k\u00f6nnen Sie drucken und kopieren. L\u00f6sen Sie eine Prepaidkarte an der Kasse und erstellen Sie pdf-Drucke vom USB-Stick oder Kopien auf 80 g\/m\u00b2 Papier im DIN A4 oder DIN A3 Format.<\/p>\n\n\n\n<div class=\"wp-block-columns\">\n<div class=\"wp-block-column\">\n<h4>Drucken<\/h4>\n\n\n\n<p>Die g\u00fcnstigste Variante ist das Drucken in Selbstbedienung. In unserem Selbstbedienungsbereich k\u00f6nnen Sie mit unserer Copycard s\/w- und Farbdrucke sowie Kopien bis zum Format DIN A3 erstellen. Unsere Drucker sind mit 80 g\/m\u00b2 best\u00fcckt. Andere Papiersorten sind im SB-Druck nicht vorhanden.<\/p>\n<\/div>\n\n\n\n<div class=\"wp-block-column is-vertically-aligned-top\">\n<div class=\"wp-block-buttons is-content-justification-right\">\n<div class=\"wp-block-button\"><a class=\"wp-block-button__link\"><\/a><\/div>\n<\/div>\n\n\n\n<h2>Neu! Drucken direkt vom Smartphone im SB-Bereich<\/h2>\n\n\n\n<p>Einfache Ausdrucke sind jetzt auch direkt vom Smartphone am Wlan Drucker m\u00f6glich. <br>Nutzen Sie unsere Copycard, oder zahlen Sie mit M\u00fcnzen.<br>Kartenzahlung nicht m\u00f6glich.  <\/p>\n<\/div>\n<\/div>\n\n\n\n<hr class=\"wp-block-separator\"\/>\n\n\n\n<h2>Drucken, Scannen und Kopieren im Service<\/h2>\n\n\n\n<p>Im <strong><a href=\"https:\/\/www.prints-digidruck.de\/wordpress2\/bedienungsbereich\/\">Servicebereich<\/a><\/strong> erhalten Sie Drucke und Kopien auf verschiedenen Materialien (z.B. OHP-Folie, farbiges Papier und Karton, unterschiedliche Grammaturen, Aufkleber etc.) bis zum DIN A3 Format. Unsere Produktionsdrucker verf\u00fcgen \u00fcber verschiedene Endverarbeitungsm\u00f6glichkeiten (Heften, Lochen oder das Erstellen von Brosch\u00fcren). Auch Ausdrucke von Mailanh\u00e4ngen sind m\u00f6glich.<br><\/p>\n\n\n\n<div class=\"wp-block-buttons\">\n<div class=\"wp-block-button\"><a class=\"wp-block-button__link has-background no-border-radius\" href=\"https:\/\/www.prints-digidruck.de\/wordpress2\/bedienungsbereich\/\" style=\"background-color:#104a63\">Mehr Infos<\/a><\/div>\n<\/div>\n\n\n\n<hr class=\"wp-block-separator\"\/>\n\n\n\n<h2>Drucke online bestellen<\/h2>\n\n\n\n<p>Im <strong><a href=\"https:\/\/www.prints-digidruck.de\/shop\/index.php\">Onlineshop<\/a><\/strong> k\u00f6nnen Sie selbsterstellte, randlose Flyer, Einladungs- und Visitenkarten bestellen. Ersparen sie sich unn\u00f6tige Wege, denn wir pr\u00fcfen vorab die eingereichten Daten auf ihre Druckbarkeit. Falls wir Dateifehler endecken, informieren wir Sie.  Wenn gew\u00fcnscht, erstellen wir vorab einen Musterdruck und benachrichtigen Sie, wenn dieser zur Ansicht vorliegt.<\/p>\n\n\n\n<p><\/p>\n\n\n\n<div class=\"wp-block-buttons\">\n<div class=\"wp-block-button\"><a class=\"wp-block-button__link has-background no-border-radius\" href=\"https:\/\/www.prints-digidruck.de\/shop\/index.php\" style=\"background-color:#104a63\">Mehr Infos<\/a><\/div>\n<\/div>\n","protected":false},"excerpt":{"rendered":"<p>Diplomarbeiten im Softcover Hochwertiger Laserdruck auf 100 g\/m\u00b2 Premiumpapier Wir drucken Ihre Dokumente auf hochwertigen XEROX Produktionssystemen aus und versehen sie mit einer sehr haltbaren Klebebindung mit Softcover.Wir drucken ab <a class=\"more-link\" href=\"https:\/\/www.prints-digidruck.de\/wordpress2\/\">weiterlesen&#8230;<\/a><\/p>\n","protected":false},"author":2,"featured_media":0,"parent":0,"menu_order":0,"comment_status":"closed","ping_status":"closed","template":"","meta":[],"_links":{"self":[{"href":"https:\/\/www.prints-digidruck.de\/wordpress2\/wp-json\/wp\/v2\/pages\/660"}],"collection":[{"href":"https:\/\/www.prints-digidruck.de\/wordpress2\/wp-json\/wp\/v2\/pages"}],"about":[{"href":"https:\/\/www.prints-digidruck.de\/wordpress2\/wp-json\/wp\/v2\/types\/page"}],"author":[{"embeddable":true,"href":"https:\/\/www.prints-digidruck.de\/wordpress2\/wp-json\/wp\/v2\/users\/2"}],"replies":[{"embeddable":true,"href":"https:\/\/www.prints-digidruck.de\/wordpress2\/wp-json\/wp\/v2\/comments?post=660"}],"version-history":[{"count":128,"href":"https:\/\/www.prints-digidruck.de\/wordpress2\/wp-json\/wp\/v2\/pages\/660\/revisions"}],"predecessor-version":[{"id":1857,"href":"https:\/\/www.prints-digidruck.de\/wordpress2\/wp-json\/wp\/v2\/pages\/660\/revisions\/1857"}],"wp:attachment":[{"href":"https:\/\/www.prints-digidruck.de\/wordpress2\/wp-json\/wp\/v2\/media?parent=660"}],"curies":[{"name":"wp","href":"https:\/\/api.w.org\/{rel}","templated":true}]}}